{"id":325,"date":"2025-05-05T20:05:53","date_gmt":"2025-05-05T18:05:53","guid":{"rendered":"https:\/\/ctmsolar.com\/?page_id=325"},"modified":"2025-07-15T19:14:19","modified_gmt":"2025-07-15T17:14:19","slug":"qui-sommes-nous","status":"publish","type":"page","link":"https:\/\/ctmsolar.com\/index.php\/qui-sommes-nous\/","title":{"rendered":"Qui sommes nous ?"},"content":{"rendered":"\n<div class=\"wp-block-uagb-container uagb-block-kdffyptl alignfull uagb-is-root-container\"><div class=\"uagb-container-inner-blocks-wrap\">\n<div class=\"wp-block-uagb-info-box uagb-block-hqtk3ja6 uagb-infobox__content-wrap  uagb-infobox-icon-above-title uagb-infobox-image-valign-top\"><div class=\"uagb-ifb-content\"><div class=\"uagb-ifb-title-wrap\"><p class=\"uagb-ifb-title-prefix\">notre histoire<\/p><h2 class=\"uagb-ifb-title\">CTM Solar est une entreprise d\u00e9tenue par une holding familiale.<br><\/h2><\/div><p class=\"uagb-ifb-desc\">Nous sommes Laurent et Adeline, en couple dans la vie comme sur les chantiers et \u00e0 nous deux, nous avons dirig\u00e9 plusieurs projets et raccord\u00e9 des centaines de m\u00e9gawatts de centrales solaires.<br><br>Nous sommes fiers d&rsquo;avoir notamment install\u00e9 les premiers parcs solaires flottants.<br><br>Aujourd\u2019hui, nous mettons notre savoir-faire au service de CTM Solar, toujours dans le but de satisfaire nos clients et d\u2019accomplir avec s\u00e9rieux les t\u00e2ches qui nous sont confi\u00e9es dans le suivi de vos chantiers ou la maintenance de vos sites.<\/p><\/div><\/div>\n<\/div><\/div>\n\n\n\n<div class=\"wp-block-uagb-container uagb-block-49ssllud alignfull uagb-is-root-container\"><div class=\"uagb-container-inner-blocks-wrap\">\n<div class=\"wp-block-uagb-container uagb-block-516cf70f alignfull uagb-is-root-container\"><div class=\"uagb-container-inner-blocks-wrap\">\n<div class=\"wp-block-uagb-container uagb-block-fc0733b4\">\n<div class=\"wp-block-uagb-image alignleft uagb-block-bxaqxtok wp-block-uagb-image--layout-default wp-block-uagb-image--effect-static wp-block-uagb-image--align-left\"><figure class=\"wp-block-uagb-image__figure\"><img decoding=\"async\" srcset=\"https:\/\/ctmsolar.com\/wp-content\/uploads\/2025\/05\/IMG_3908-683x1024.jpg ,https:\/\/ctmsolar.com\/wp-content\/uploads\/2025\/05\/IMG_3908-scaled.jpg 780w, https:\/\/ctmsolar.com\/wp-content\/uploads\/2025\/05\/IMG_3908-scaled.jpg 360w\" sizes=\"auto, (max-width: 480px) 150px\" src=\"https:\/\/ctmsolar.com\/wp-content\/uploads\/2025\/05\/IMG_3908-683x1024.jpg\" alt=\"\" class=\"uag-image-334\" width=\"306\" height=\"400\" title=\"IMG_3908\" loading=\"lazy\" role=\"img\"\/><\/figure><\/div>\n<\/div>\n\n\n\n<div class=\"wp-block-uagb-container uagb-block-00b624b4\">\n<div class=\"wp-block-uagb-info-box uagb-block-xbrfebec uagb-infobox__content-wrap  uagb-infobox-icon-above-title uagb-infobox-image-valign-top wp-block-uagb-info-box--has-margin\"><div class=\"uagb-infobox-margin-wrapper\"><div class=\"uagb-ifb-content\"><div class=\"uagb-ifb-title-wrap\"><p class=\"uagb-ifb-title\">Laurent Bartholomo, PDG<\/p><\/div><p class=\"uagb-ifb-desc\"><br><br>\u00c9lectrotechnicien de formation et sp\u00e9cialis\u00e9 dans le tirage et le raccordement de c\u00e2bles, je me suis aujourd\u2019hui dirig\u00e9, \u00e0 travers <strong>CTM Solar<\/strong> vers les travaux de maintenance de centrales photovolta\u00efques.<br>J\u2019ai commenc\u00e9 ma carri\u00e8re en tant que responsable de chantier pendant 6 ans dans le secteur de l\u2019industrie sur la r\u00e9gion toulousaine, puis j\u2019ai dirig\u00e9 la soci\u00e9t\u00e9 SEIMA pendant 11 ans, soci\u00e9t\u00e9 reconnue pour sa qualit\u00e9 de service dans le domaine du tirage de c\u00e2bles.<br>Puis en 2014, j\u2019ai cr\u00e9\u00e9 la soci\u00e9t\u00e9 TOTAL CABLE, soci\u00e9t\u00e9 sp\u00e9cialis\u00e9e dans la construction de centrales photovolta\u00efques et certifi\u00e9e MASE (management s\u00e9curit\u00e9 sant\u00e9) depuis 2015.<\/p><\/div><\/div><\/div>\n<\/div>\n<\/div><\/div>\n<\/div><\/div>\n\n\n\n<div class=\"wp-block-uagb-container uagb-block-dgh4nnuw alignfull uagb-is-root-container\"><div class=\"uagb-container-inner-blocks-wrap\">\n<div class=\"wp-block-group is-nowrap is-layout-flex wp-container-core-group-is-layout-ad2f72ca wp-block-group-is-layout-flex\">\n<div class=\"wp-block-uagb-container uagb-block-fjbjopeo\">\n<div class=\"wp-block-uagb-info-box uagb-block-y6sv6jxb uagb-infobox__content-wrap  uagb-infobox-icon-above-title uagb-infobox-image-valign-top\"><div class=\"uagb-ifb-content\"><div class=\"uagb-ifb-title-wrap\"><\/div><p class=\"uagb-ifb-desc\"><a href=\"https:\/\/www.facebook.com\/profile.php?id=61572992100364&amp;__cft__[0]=AZWQxwI5rv0Y1cNEAjZAhMiMtvoeja3yfgxzOULS1Py7eZdxZx33Ko1uDBQv55KUjv5q9aIUJx5cvmi2kSN9zGLL66WNta36OOiv8_zHaqu1M3WWBwwc1eop7wxRup3Q034P6sZsENGobzv05pPNkIu5WWAinvUVQuupqZxHmmKBfA&amp;__tn__=-]K-R\">CTM Solar<\/a>&nbsp;est aussi sponsor de l\u2019\u00e9quipe de Handball de Saint-Gaudens !<br>Nous sommes fiers de soutenir notre \u00e9quipe de jeunes sportifs Commingeois.<br>Continuez \u00e0 jouer avec passion, donnez le meilleur de vous-m\u00eames et surtout, prenez du plaisir sur le terrain.<img loading=\"lazy\" decoding=\"async\" height=\"16\" width=\"16\" src=\"https:\/\/static.xx.fbcdn.net\/images\/emoji.php\/v9\/t91\/1\/16\/1f93e_200d_2640.png\" alt=\"\ud83e\udd3e\u200d\u2640\ufe0f\"><img loading=\"lazy\" decoding=\"async\" height=\"16\" width=\"16\" src=\"https:\/\/static.xx.fbcdn.net\/images\/emoji.php\/v9\/t23\/1\/16\/1f93e.png\" alt=\"\ud83e\udd3e\"><img loading=\"lazy\" decoding=\"async\" height=\"16\" width=\"16\" src=\"https:\/\/static.xx.fbcdn.net\/images\/emoji.php\/v9\/tbe\/1\/16\/1f3c6.png\" alt=\"\ud83c\udfc6\"><\/p><\/div><\/div>\n<\/div>\n\n\n\n<div class=\"wp-block-uagb-image alignleft uagb-block-led8eufs wp-block-uagb-image--layout-default wp-block-uagb-image--effect-static wp-block-uagb-image--align-left\"><figure class=\"wp-block-uagb-image__figure\"><img decoding=\"async\" srcset=\"https:\/\/ctmsolar.com\/wp-content\/uploads\/2025\/05\/IMG_20250316_211757-1.png ,https:\/\/ctmsolar.com\/wp-content\/uploads\/2025\/05\/IMG_20250316_211757-1.png 780w, https:\/\/ctmsolar.com\/wp-content\/uploads\/2025\/05\/IMG_20250316_211757-1.png 360w\" sizes=\"auto, (max-width: 480px) 150px\" src=\"https:\/\/ctmsolar.com\/wp-content\/uploads\/2025\/05\/IMG_20250316_211757-1.png\" alt=\"\" class=\"uag-image-368\" width=\"564\" height=\"423\" title=\"IMG_20250316_211757\" loading=\"lazy\" role=\"img\"\/><\/figure><\/div>\n<\/div>\n<\/div><\/div>\n\n\n\n<div class=\"wp-block-uagb-container uagb-block-oudnzvgx alignfull uagb-is-root-container\"><div class=\"uagb-container-inner-blocks-wrap\">\n<div class=\"wp-block-uagb-info-box uagb-block-vmot6ki0 uagb-infobox__content-wrap  uagb-infobox-icon-above-title uagb-infobox-image-valign-top\"><div class=\"uagb-ifb-content\"><div class=\"uagb-ifb-title-wrap\"><h2 class=\"uagb-ifb-title\">Notre Engagement : Qualit\u00e9, S\u00e9curit\u00e9 et Durabilit\u00e9<\/h2><\/div><\/div><\/div>\n\n\n\n<div class=\"wp-block-uagb-info-box uagb-block-wbij2hpp uagb-infobox__content-wrap  uagb-infobox-icon-above-title uagb-infobox-image-valign-top wp-block-uagb-info-box--has-margin\"><div class=\"uagb-infobox-margin-wrapper\"><div class=\"uagb-ifb-content\"><div class=\"uagb-ifb-title-wrap\"><p class=\"uagb-ifb-title-prefix\">Nous comprenons que chaque projet photovolta\u00efque est unique. C&rsquo;est pourquoi nous mettons un point d&rsquo;honneur \u00e0 travailler pour la maintenance de vos centrales solaires. <br><br>Notre approche int\u00e8gre :<br><strong>Une expertise technique reconnue<\/strong> dans le domaine des \u00e9nergies renouvelables.<br><br><strong>Des \u00e9quipements modernes et adapt\u00e9s<\/strong> aux grands chantiers.<br><br><strong>Le respect strict des normes de s\u00e9curit\u00e9<\/strong> et des contraintes environnementales.<br><br><strong>Une optimisation des co\u00fbts et des d\u00e9lais<\/strong> pour la r\u00e9ussite de votre projet.<br><br>Avec CTM Solar, la fondation de votre future centrale photovolta\u00efque est entre de bonnes mains. Nous pr\u00e9parons le terrain pour votre transition \u00e9nerg\u00e9tique.<\/p><\/div><\/div><\/div><\/div>\n<\/div><\/div>\n","protected":false},"excerpt":{"rendered":"","protected":false},"author":1,"featured_media":0,"parent":0,"menu_order":0,"comment_status":"closed","ping_status":"closed","template":"","meta":{"_uag_custom_page_level_css":"","footnotes":""},"class_list":["post-325","page","type-page","status-publish","hentry"],"uagb_featured_image_src":{"full":false,"thumbnail":false,"medium":false,"medium_large":false,"large":false,"1536x1536":false,"2048x2048":false},"uagb_author_info":{"display_name":"admin6120","author_link":"https:\/\/ctmsolar.com\/index.php\/author\/admin6120\/"},"uagb_comment_info":0,"uagb_excerpt":null,"_links":{"self":[{"href":"https:\/\/ctmsolar.com\/index.php\/wp-json\/wp\/v2\/pages\/325","targetHints":{"allow":["GET"]}}],"collection":[{"href":"https:\/\/ctmsolar.com\/index.php\/wp-json\/wp\/v2\/pages"}],"about":[{"href":"https:\/\/ctmsolar.com\/index.php\/wp-json\/wp\/v2\/types\/page"}],"author":[{"embeddable":true,"href":"https:\/\/ctmsolar.com\/index.php\/wp-json\/wp\/v2\/users\/1"}],"replies":[{"embeddable":true,"href":"https:\/\/ctmsolar.com\/index.php\/wp-json\/wp\/v2\/comments?post=325"}],"version-history":[{"count":49,"href":"https:\/\/ctmsolar.com\/index.php\/wp-json\/wp\/v2\/pages\/325\/revisions"}],"predecessor-version":[{"id":624,"href":"https:\/\/ctmsolar.com\/index.php\/wp-json\/wp\/v2\/pages\/325\/revisions\/624"}],"wp:attachment":[{"href":"https:\/\/ctmsolar.com\/index.php\/wp-json\/wp\/v2\/media?parent=325"}],"curies":[{"name":"wp","href":"https:\/\/api.w.org\/{rel}","templated":true}]}}