{"id":570,"date":"2025-06-04T20:12:26","date_gmt":"2025-06-04T18:12:26","guid":{"rendered":"https:\/\/ctmsolar.com\/?page_id=570"},"modified":"2025-07-26T21:49:10","modified_gmt":"2025-07-26T19:49:10","slug":"nos-services","status":"publish","type":"page","link":"https:\/\/ctmsolar.com\/index.php\/nos-services\/","title":{"rendered":"Nos services"},"content":{"rendered":"\n<div class=\"wp-block-uagb-call-to-action uagb-block-2c02f9e8\"><div class=\"uagb-cta__wrap\"><h3 class=\"uagb-cta__title\"><strong><a href=\"https:\/\/ctmsolar.com\/index.php\/contact\/\" data-type=\"link\" data-id=\"https:\/\/ctmsolar.com\/index.php\/contact\/\">Nouveau !<\/a><\/strong><\/h3><p class=\"uagb-cta__desc\">Votre forfait maintenance pr\u00e9ventive pour vos installations photovolta\u00efques jusqu&rsquo;\u00e0 250kw \u00e0 partir de <strong><mark style=\"background-color:rgba(0, 0, 0, 0)\" class=\"has-inline-color has-luminous-vivid-amber-color\">700\u20ac\/an.<\/mark><\/strong><br>Pour plus de renseignements, contactez-nous !<\/p><\/div><div class=\"uagb-cta__buttons\"><\/div><\/div>\n\n\n\n<div class=\"wp-block-uagb-container uagb-block-ahi11ale alignfull uagb-is-root-container\"><div class=\"uagb-container-inner-blocks-wrap\">\n<div class=\"wp-block-uagb-info-box uagb-block-t0g27vdq uagb-infobox__content-wrap  uagb-infobox-icon-above-title uagb-infobox-image-valign-top\"><div class=\"uagb-ifb-content\"><div class=\"uagb-ifb-title-wrap\"><h2 class=\"uagb-ifb-title\">CTM Solar c&rsquo;est une gamme compl\u00e8te de services de maintenance photovolta\u00efque<\/h2><\/div><\/div><\/div>\n\n\n\n<div class=\"wp-block-uagb-container uagb-block-gpnbzovy\">\n<div class=\"wp-block-uagb-container uagb-block-cfx2ur9r\">\n<div class=\"wp-block-uagb-image alignleft uagb-block-59iiopmw wp-block-uagb-image--layout-default wp-block-uagb-image--effect-static wp-block-uagb-image--align-left\"><figure class=\"wp-block-uagb-image__figure\"><img decoding=\"async\" srcset=\"https:\/\/ctmsolar.com\/wp-content\/uploads\/2025\/05\/IMG_4059-2-scaled.jpg ,https:\/\/ctmsolar.com\/wp-content\/uploads\/2025\/05\/IMG_4059-2-scaled.jpg 780w, https:\/\/ctmsolar.com\/wp-content\/uploads\/2025\/05\/IMG_4059-2-scaled.jpg 360w\" sizes=\"auto, (max-width: 480px) 150px\" src=\"https:\/\/ctmsolar.com\/wp-content\/uploads\/2025\/05\/IMG_4059-2-scaled.jpg\" alt=\"\" class=\"uag-image-383\" width=\"576\" height=\"400\" title=\"IMG_4059\" loading=\"lazy\" role=\"img\"\/><\/figure><\/div>\n\n\n\n<div class=\"wp-block-uagb-info-box uagb-block-7ambfiou uagb-infobox__content-wrap  uagb-infobox-icon-above-title uagb-infobox-image-valign-top\"><div class=\"uagb-ifb-content\"><div class=\"uagb-ifb-title-wrap\"><h3 class=\"uagb-ifb-title\">Conduite et gestion de vos chantiers<\/h3><\/div><p class=\"uagb-ifb-desc\"><strong>\u2713<\/strong> Validation de la faisabilit\u00e9 des plans d\u2019ex\u00e9cution<br><br><strong>\u2713<\/strong> Mise en place des bases vie<br><br><strong>\u2713<\/strong> Sensibilisation et contr\u00f4le de la s\u00e9curit\u00e9 chantier<br><br><strong>\u2713<\/strong> Contr\u00f4les et rapports sur l\u2019avancement du chantier<br><br><strong>\u2713<\/strong> Apport de solutions techniques et gestion des impr\u00e9vus du chantier avec mise en relation \u00e9ventuelle avec des sous-traitants<br><br><strong>\u2713<\/strong> Contr\u00f4les et v\u00e9rifications tout au long du chantier et r\u00e9ception de fin de chantier<\/p><\/div><\/div>\n\n\n\n<div class=\"wp-block-uagb-buttons uagb-buttons__outer-wrap uagb-btn__default-btn uagb-btn-tablet__default-btn uagb-btn-mobile__default-btn uagb-block-5b919041\"><div class=\"uagb-buttons__wrap uagb-buttons-layout-wrap \">\n<div class=\"wp-block-uagb-buttons-child uagb-buttons__outer-wrap uagb-block-45e37d30 wp-block-button\"><div class=\"uagb-button__wrapper\"><a class=\"uagb-buttons-repeater wp-block-button__link\" aria-label=\"\" href=\"https:\/\/ctmsolar.com\/index.php\/contact\/\" rel=\"follow noopener\" target=\"_self\" role=\"button\"><div class=\"uagb-button__link\">En savoir +<\/div><\/a><\/div><\/div>\n<\/div><\/div>\n<\/div>\n\n\n\n<div class=\"wp-block-uagb-container uagb-block-dcrir3jx\">\n<div class=\"wp-block-uagb-image alignleft uagb-block-qu6kmyuq wp-block-uagb-image--layout-default wp-block-uagb-image--effect-static wp-block-uagb-image--align-left\"><figure class=\"wp-block-uagb-image__figure\"><img decoding=\"async\" srcset=\"https:\/\/ctmsolar.com\/wp-content\/uploads\/2025\/06\/IMG_4382-1024x768.jpg ,https:\/\/ctmsolar.com\/wp-content\/uploads\/2025\/06\/IMG_4382-scaled.jpg 780w, https:\/\/ctmsolar.com\/wp-content\/uploads\/2025\/06\/IMG_4382-scaled.jpg 360w\" sizes=\"auto, (max-width: 480px) 150px\" src=\"https:\/\/ctmsolar.com\/wp-content\/uploads\/2025\/06\/IMG_4382-1024x768.jpg\" alt=\"\" class=\"uag-image-573\" width=\"576\" height=\"400\" title=\"IMG_4382\" loading=\"lazy\" role=\"img\"\/><\/figure><\/div>\n\n\n\n<div class=\"wp-block-uagb-info-box uagb-block-4ibqztne uagb-infobox__content-wrap  uagb-infobox-icon-above-title uagb-infobox-image-valign-top\"><div class=\"uagb-ifb-content\"><div class=\"uagb-ifb-title-wrap\"><h3 class=\"uagb-ifb-title\">O&amp;M Op\u00e9rations et maintenance<\/h3><\/div><p class=\"uagb-ifb-desc\"><strong>\u2713<\/strong> D\u00e9pannage en 3h dans le Sud de la France<br><br><strong>\u2713<\/strong> Maintenance pr\u00e9ventive de vos sites photovolta\u00efques<br><br><strong>\u2713<\/strong> Remplacement d\u2019\u00e9l\u00e9ments d\u00e9fectueux (modules, onduleurs,<br>bo\u00eetes de jonction, c\u00e2bles, cam\u00e9ras, capteurs, etc&#8230;) avec la mise en s\u00e9curit\u00e9 du site<br><br><strong>\u2713<\/strong> Mesure de performance des panneaux et thermographie<br><br><strong>\u2713<\/strong> Contr\u00f4le des connections \u00e9lectriques<br><br><strong>\u2713<\/strong> Nettoyage des locaux \u00e9lectriques<br><br><strong>\u2713<\/strong> Nettoyage des centrales flottantes<\/p><\/div><\/div>\n\n\n\n<div class=\"wp-block-uagb-buttons uagb-buttons__outer-wrap uagb-btn__default-btn uagb-btn-tablet__default-btn uagb-btn-mobile__default-btn uagb-block-71b0739a\"><div class=\"uagb-buttons__wrap uagb-buttons-layout-wrap \">\n<div class=\"wp-block-uagb-buttons-child uagb-buttons__outer-wrap uagb-block-8fb7b500 wp-block-button\"><div class=\"uagb-button__wrapper\"><a class=\"uagb-buttons-repeater wp-block-button__link\" aria-label=\"\" href=\"https:\/\/ctmsolar.com\/index.php\/contact\/\" rel=\"follow noopener\" target=\"_self\" role=\"button\"><div class=\"uagb-button__link\">En savoir +<\/div><\/a><\/div><\/div>\n<\/div><\/div>\n<\/div>\n<\/div>\n<\/div><\/div>\n\n\n\n<div class=\"wp-block-uagb-container uagb-block-2b3jim9u alignfull uagb-is-root-container\"><div class=\"uagb-container-inner-blocks-wrap\">\n<div class=\"wp-block-uagb-container uagb-block-gkyltfca\">\n<div class=\"wp-block-uagb-info-box uagb-block-4mnbtb0i uagb-infobox__content-wrap  uagb-infobox-icon-above-title uagb-infobox-image-valign-top\"><div class=\"uagb-ifb-content\"><div class=\"uagb-ifb-title-wrap\"><h2 class=\"uagb-ifb-title\">Nos Services de Terrassement Sp\u00e9cifiques au Photovolta\u00efque :<\/h2><\/div><p class=\"uagb-ifb-desc\">Notre \u00e9quipe poss\u00e8de le savoir-faire et l&rsquo;\u00e9quipement n\u00e9cessaire pour r\u00e9aliser une gamme compl\u00e8te de travaux de terrassement adapt\u00e9s aux sp\u00e9cificit\u00e9s des parcs solaires :<br>r\u00e9alisation de petits travaux de terrassement, r\u00e9alisation de pont d\u2019acc\u00e8s, reprise de talus, cr\u00e9ation de tranch\u00e9es, empierrement de chemins d\u2019acc\u00e8s\u2026<\/p><\/div><\/div>\n<\/div>\n\n\n\n<div class=\"wp-block-uagb-container uagb-block-hrompui7\">\n<div class=\"wp-block-uagb-image alignleft uagb-block-rtsvjz9y wp-block-uagb-image--layout-default wp-block-uagb-image--effect-static wp-block-uagb-image--align-left\"><figure class=\"wp-block-uagb-image__figure\"><img decoding=\"async\" srcset=\"https:\/\/ctmsolar.com\/wp-content\/uploads\/2025\/06\/terrassement-2-1-rotated.jpg ,https:\/\/ctmsolar.com\/wp-content\/uploads\/2025\/06\/terrassement-2-1-rotated.jpg 780w, https:\/\/ctmsolar.com\/wp-content\/uploads\/2025\/06\/terrassement-2-1-rotated.jpg 360w\" sizes=\"auto, (max-width: 480px) 150px\" src=\"https:\/\/ctmsolar.com\/wp-content\/uploads\/2025\/06\/terrassement-2-1-rotated.jpg\" alt=\"\" class=\"uag-image-590\" width=\"270\" height=\"360\" title=\"terrassement 2\" loading=\"lazy\" role=\"img\"\/><\/figure><\/div>\n\n\n\n<div class=\"wp-block-uagb-image alignleft uagb-block-chzfo4er wp-block-uagb-image--layout-default wp-block-uagb-image--effect-static wp-block-uagb-image--align-left\"><figure class=\"wp-block-uagb-image__figure\"><img decoding=\"async\" srcset=\"https:\/\/ctmsolar.com\/wp-content\/uploads\/2025\/06\/terrassement-1-1-rotated.jpg ,https:\/\/ctmsolar.com\/wp-content\/uploads\/2025\/06\/terrassement-1-1-rotated.jpg 780w, https:\/\/ctmsolar.com\/wp-content\/uploads\/2025\/06\/terrassement-1-1-rotated.jpg 360w\" sizes=\"auto, (max-width: 480px) 150px\" src=\"https:\/\/ctmsolar.com\/wp-content\/uploads\/2025\/06\/terrassement-1-1-rotated.jpg\" alt=\"\" class=\"uag-image-589\" width=\"270\" height=\"360\" title=\"terrassement 1\" loading=\"lazy\" role=\"img\"\/><\/figure><\/div>\n<\/div>\n<\/div><\/div>\n\n\n\n<p><\/p>\n","protected":false},"excerpt":{"rendered":"","protected":false},"author":1,"featured_media":0,"parent":0,"menu_order":0,"comment_status":"closed","ping_status":"closed","template":"","meta":{"_uag_custom_page_level_css":"","footnotes":""},"class_list":["post-570","page","type-page","status-publish","hentry"],"uagb_featured_image_src":{"full":false,"thumbnail":false,"medium":false,"medium_large":false,"large":false,"1536x1536":false,"2048x2048":false},"uagb_author_info":{"display_name":"admin6120","author_link":"https:\/\/ctmsolar.com\/index.php\/author\/admin6120\/"},"uagb_comment_info":0,"uagb_excerpt":null,"_links":{"self":[{"href":"https:\/\/ctmsolar.com\/index.php\/wp-json\/wp\/v2\/pages\/570","targetHints":{"allow":["GET"]}}],"collection":[{"href":"https:\/\/ctmsolar.com\/index.php\/wp-json\/wp\/v2\/pages"}],"about":[{"href":"https:\/\/ctmsolar.com\/index.php\/wp-json\/wp\/v2\/types\/page"}],"author":[{"embeddable":true,"href":"https:\/\/ctmsolar.com\/index.php\/wp-json\/wp\/v2\/users\/1"}],"replies":[{"embeddable":true,"href":"https:\/\/ctmsolar.com\/index.php\/wp-json\/wp\/v2\/comments?post=570"}],"version-history":[{"count":14,"href":"https:\/\/ctmsolar.com\/index.php\/wp-json\/wp\/v2\/pages\/570\/revisions"}],"predecessor-version":[{"id":640,"href":"https:\/\/ctmsolar.com\/index.php\/wp-json\/wp\/v2\/pages\/570\/revisions\/640"}],"wp:attachment":[{"href":"https:\/\/ctmsolar.com\/index.php\/wp-json\/wp\/v2\/media?parent=570"}],"curies":[{"name":"wp","href":"https:\/\/api.w.org\/{rel}","templated":true}]}}